{"id":27,"date":"2017-02-02T10:10:32","date_gmt":"2017-02-02T14:10:32","guid":{"rendered":"http:\/\/www.screerush.com\/newsite\/?page_id=27"},"modified":"2017-08-14T12:19:18","modified_gmt":"2017-08-14T16:19:18","slug":"equipment-safety","status":"publish","type":"page","link":"https:\/\/www.screerush.com\/es\/equipment-safety\/","title":{"rendered":"Equipo y Seguridad"},"content":{"rendered":"<strong>\u00a1PASEO EN LAS PISTAS MAS ALTAS DE SCREE!<\/strong><\/p>\n<p><img loading=\"lazy\" class=\"size-medium wp-image-233 aligncenter\" src=\"http:\/\/www.screerush.com\/wp-content\/uploads\/2017\/02\/Equipment-300x279.jpg\" alt=\"\" width=\"450\" height=\"420\" srcset=\"https:\/\/www.screerush.com\/wp-content\/uploads\/2017\/02\/Equipment-300x279.jpg 300w, https:\/\/www.screerush.com\/wp-content\/uploads\/2017\/02\/Equipment-768x715.jpg 768w, https:\/\/www.screerush.com\/wp-content\/uploads\/2017\/02\/Equipment-1024x954.jpg 1024w, https:\/\/www.screerush.com\/wp-content\/uploads\/2017\/02\/Equipment.jpg 1310w\" sizes=\"(max-width: 450px) 100vw, 450px\" \/><br \/>\n<strong>SEGURIDAD<\/strong><\/p>\n<ul>\n<li> Mientras aqu\u00ed nos divertirnos, la seguridad es nuestra m\u00e1xima prioridad:\n<ul>\n<li>En cada viaje, enviamos suficientes equipos de primeros auxilios y suministros para realizar una cirug\u00eda menor (no&#8230; lo dejaremos a los m\u00e9dicos &#8230; pero, tenemos mucho!).<\/li>\n<li>Nuestros gu\u00edas estan entrenados en primeros auxilios y rescate con cuerdas, y pasan por revisiones regulares de su entrenamiento.<\/li>\n<li>Nuestros gu\u00edas utilizan est\u00e1ndares internacionales de calidad y reciben un intenso entrenamiento, para asegurarse de que la instrucci\u00f3n y orientaci\u00f3n que dan le dar\u00e1n confianza y comodidad mientras aprende el deporte.<\/li>\n<\/ul>\n<\/li>\n<\/ul>\n<p><strong>EXPERIENCIA<\/strong><\/p>\n<ul>\n<li>Nuestro gu\u00edas cuenta con certificaci\u00f3n internacional y licencias de un instructor de esqu\u00ed y snowboard de Europa.<\/li>\n<li>Nuestro gu\u00edas trabajaron en 5 pa\u00edses ense\u00f1ando y entrenando por m\u00e1s de 10 a\u00f1os.<\/li>\n<\/ul>\n<p><strong>EQUIPO<\/strong><\/p>\n<ul>\n<li>Utilizamos \u00fanicamente equipos de marca que son supervisados regularmente por profesionales.<\/li>\n<li>Todos los equipos estan incluidos con el precio:\n<ul>\n<li>Snowboard de Marca<\/li>\n<li>Botas de snowboard<\/li>\n<li>Chamarra para el paseo<\/li>\n<li>Guantes de invierno<\/li>\n<li>Gafas de seguridad<\/li>\n<li>Casco<\/li>\n<\/ul>\n<\/li>\n<\/ul>\n<p><strong>GUIAS<\/strong><\/p>\n<ul>\n<li>Gu\u00edas biling\u00fces con bastante experiencia, formaci\u00f3n y un mont\u00f3n de diversi\u00f3n! Nos encanta deslizarnos en las pendientes, es por eso qu\u00e9 hacemos lo que hacemos!<\/li>\n<\/ul>","protected":false},"excerpt":{"rendered":"<p>\u00a1PASEO EN LAS PISTAS MAS ALTAS DE SCREE! SEGURIDAD Mientras aqu\u00ed nos divertirnos, la seguridad es nuestra m\u00e1xima prioridad: En cada viaje, enviamos suficientes equipos de primeros auxilios y suministros para realizar una cirug\u00eda menor (no&#8230; lo dejaremos a los m\u00e9dicos &#8230; pero, tenemos mucho!). Nuestros gu\u00edas estan entrenados en primeros auxilios y rescate con&#8230; <\/p>\n","protected":false},"author":1,"featured_media":151,"parent":0,"menu_order":2,"comment_status":"closed","ping_status":"closed","template":"no-sidebar.php","meta":[],"_links":{"self":[{"href":"https:\/\/www.screerush.com\/es\/wp-json\/wp\/v2\/pages\/27"}],"collection":[{"href":"https:\/\/www.screerush.com\/es\/wp-json\/wp\/v2\/pages"}],"about":[{"href":"https:\/\/www.screerush.com\/es\/wp-json\/wp\/v2\/types\/page"}],"author":[{"embeddable":true,"href":"https:\/\/www.screerush.com\/es\/wp-json\/wp\/v2\/users\/1"}],"replies":[{"embeddable":true,"href":"https:\/\/www.screerush.com\/es\/wp-json\/wp\/v2\/comments?post=27"}],"version-history":[{"count":18,"href":"https:\/\/www.screerush.com\/es\/wp-json\/wp\/v2\/pages\/27\/revisions"}],"predecessor-version":[{"id":270,"href":"https:\/\/www.screerush.com\/es\/wp-json\/wp\/v2\/pages\/27\/revisions\/270"}],"wp:featuredmedia":[{"embeddable":true,"href":"https:\/\/www.screerush.com\/es\/wp-json\/wp\/v2\/media\/151"}],"wp:attachment":[{"href":"https:\/\/www.screerush.com\/es\/wp-json\/wp\/v2\/media?parent=27"}],"curies":[{"name":"wp","href":"https:\/\/api.w.org\/{rel}","templated":true}]}}