{"id":212,"date":"2017-03-10T16:23:06","date_gmt":"2017-03-10T20:23:06","guid":{"rendered":"http:\/\/www.snowrushbolivia.com\/?page_id=212"},"modified":"2017-08-15T10:39:51","modified_gmt":"2017-08-15T14:39:51","slug":"full-rush-adventure-package","status":"publish","type":"page","link":"https:\/\/www.screerush.com\/es\/adventures\/full-rush-adventure-package\/","title":{"rendered":"Paquete de Aventura &#8211; Full Rush"},"content":{"rendered":"Para el verdadero aventurero, este es su paquete completo de Aventura!<\/p>\n<p>&#8211; Bicicleta de monta\u00f1a en el &#8220;Camino de la muerte&#8221;,<br \/>\n&#8211; Deslizarse en las monta\u00f1as con Scree Rush, subir al Huayna Potosi,<br \/>\n&#8211; Y s\u00f3lo para rematar un incre\u00edble salto de un edificio de 50m en el centro de la ciudad con Urban Rush.<\/p>\n<p>Si deseas mas informaci\u00f3n, Por favor ponte en contacto con nosotros: <a href=\"mailto:turismo@gravitybolivia.com\">turismo@gravitybolivia.com<\/a>","protected":false},"excerpt":{"rendered":"<p>Para el verdadero aventurero, este es su paquete completo de Aventura! &#8211; Bicicleta de monta\u00f1a en el &#8220;Camino de la muerte&#8221;, &#8211; Deslizarse en las monta\u00f1as con Scree Rush, subir al Huayna Potosi, &#8211; Y s\u00f3lo para rematar un incre\u00edble salto de un edificio de 50m en el centro de la ciudad con Urban Rush&#8230;. <\/p>\n","protected":false},"author":1,"featured_media":149,"parent":112,"menu_order":4,"comment_status":"closed","ping_status":"closed","template":"no-sidebar.php","meta":[],"_links":{"self":[{"href":"https:\/\/www.screerush.com\/es\/wp-json\/wp\/v2\/pages\/212"}],"collection":[{"href":"https:\/\/www.screerush.com\/es\/wp-json\/wp\/v2\/pages"}],"about":[{"href":"https:\/\/www.screerush.com\/es\/wp-json\/wp\/v2\/types\/page"}],"author":[{"embeddable":true,"href":"https:\/\/www.screerush.com\/es\/wp-json\/wp\/v2\/users\/1"}],"replies":[{"embeddable":true,"href":"https:\/\/www.screerush.com\/es\/wp-json\/wp\/v2\/comments?post=212"}],"version-history":[{"count":8,"href":"https:\/\/www.screerush.com\/es\/wp-json\/wp\/v2\/pages\/212\/revisions"}],"predecessor-version":[{"id":284,"href":"https:\/\/www.screerush.com\/es\/wp-json\/wp\/v2\/pages\/212\/revisions\/284"}],"up":[{"embeddable":true,"href":"https:\/\/www.screerush.com\/es\/wp-json\/wp\/v2\/pages\/112"}],"wp:featuredmedia":[{"embeddable":true,"href":"https:\/\/www.screerush.com\/es\/wp-json\/wp\/v2\/media\/149"}],"wp:attachment":[{"href":"https:\/\/www.screerush.com\/es\/wp-json\/wp\/v2\/media?parent=212"}],"curies":[{"name":"wp","href":"https:\/\/api.w.org\/{rel}","templated":true}]}}