{"id":2,"date":"2016-05-10T03:48:21","date_gmt":"2016-05-10T07:48:21","guid":{"rendered":"http:\/\/wp452m.a10-52-158-154.qa.plesk.ru\/wordpress\/?page_id=2"},"modified":"2017-08-21T13:25:20","modified_gmt":"2017-08-21T17:25:20","slug":"big-mountain-scree-adventures","status":"publish","type":"page","link":"https:\/\/www.screerush.com\/es\/adventures\/big-mountain-scree-adventures\/","title":{"rendered":"Grandes Aventuras de Arena de Monta\u00f1a"},"content":{"rendered":"<div id=\"su_slider_6a0724d7f3d77\" class=\"su-slider su-slider-centered su-slider-pages-no su-slider-responsive-yes\" style=\"width:100%\" data-autoplay=\"3000\" data-speed=\"600\" data-mousewheel=\"true\"><div class=\"su-slider-slides\"><div class=\"su-slider-slide\"><a><img src=\"https:\/\/www.screerush.com\/wp-content\/uploads\/2017\/02\/gallery5-600x300.jpg\" alt=\"gallery5\" \/><\/a><\/div><div class=\"su-slider-slide\"><a><img src=\"https:\/\/www.screerush.com\/wp-content\/uploads\/2017\/02\/gallery8-600x300.jpg\" alt=\"gallery8\" \/><\/a><\/div><div class=\"su-slider-slide\"><a><img src=\"https:\/\/www.screerush.com\/wp-content\/uploads\/2017\/02\/gallery1-600x300.jpg\" alt=\"gallery1\" \/><\/a><\/div><\/div><div class=\"su-slider-nav\"><div class=\"su-slider-direction\"><span class=\"su-slider-prev\"><\/span><span class=\"su-slider-next\"><\/span><\/div><div class=\"su-slider-pagination\"><\/div><\/div><\/div>\n<p>Ciertamente, este no es un d\u00eda normal caminando hacia  los elevadores, en lugar de eso una 4&#215;4 nos transportara a una hermosa cuesta a 5000 mts inserta en las monta\u00f1as que rodean La Paz. Lo m\u00e1s reciente en Aventura campestre, con vistas maravillosas y la diversi\u00f3n en altura que s\u00f3lo puedes conseguir en Los Andes. Te entregamos todo el equipo que necesitas, equipo para sandboard, chaqueta y pantal\u00f3n, comida, agua, transporte y un gu\u00eda profesional quien te puede entrenar para convertirte en un mejor corredor. No querr\u00e1s perderte esta incre\u00edble oportunidad, subir tan arriba como nunca antes lo hab\u00edas hecho y experimentar la majestad de Los Andes Bolivianos mientras despedazas la monta\u00f1a. \u00bfNo tienes mucha experiencia? \u00a1No te preocupes! Tenemos ayuda para principiantes, experimentados y expertos. Adem\u00e1s tu instructor tiene a\u00f1os de entrenamiento y experiencia  para ayudarte a llegar arriba o llevarte al siguiente nivel. Subimos cualquier d\u00eda de la semana, con al menos 2 aventureros \u00a1s\u00f3lo por 450 Bs! Un d\u00eda completo de sesiones en nuestro parque favorito en el patio trasero de La Paz.<\/p>\n<div class=\"su-tabs su-tabs-style-default su-tabs-mobile-stack\" data-active=\"1\" data-scroll-offset=\"0\"><div class=\"su-tabs-nav\"><span class=\"\" data-url=\"\" data-target=\"blank\" tabindex=\"0\" role=\"button\"><strong>Itinerario<\/strong><\/span><span class=\"\" data-url=\"\" data-target=\"blank\" tabindex=\"0\" role=\"button\"><strong>\u00bfQue incluye?<\/strong><\/span><\/div><div class=\"su-tabs-panes\"><div class=\"su-tabs-pane su-u-clearfix su-u-trim\" data-title=\"&lt;strong&gt;Itinerario&lt;\/strong&gt;\">\n<ul>\n<li>Despu\u00e9s de reunirnos a las 9 am en Caf\u00e9 del Mundo (calle Sagarnaga), conduciremos fuera de la ciudad  y subiremos a la monta\u00f1a. Pasaremos por coloridos lagos, centros mineros y unos asombrosos miradores que te dejaran at\u00f3nito, nos abriremos paso hasta los pies de la monta\u00f1a Huayna Potos\u00ed, escondida en un valle virgen.<\/li>\n<li>Nuestro 4&#215;4 nos llevar\u00e1 tan lejos como pueda ir en el camino, luego haremos una peque\u00f1a caminata de unos 15 minutos hacia abajo sobre un campo con una incre\u00edble vista del Huayna Potos\u00ed.<\/li>\n<liEn el punto de partida, tenemos una impresionante vista del centro de Los Andes por encima del valle, con hermosos lagos de colores y las viejas chozas mineras.<\/li>\n<li>Desde ah\u00ed, en los segmentos m\u00e1s planos, todos podr\u00e1n experimentar como deslizarse en la arena.<\/li>\n<li>Nuestros gu\u00edas de primer nivel ser\u00e1n capaces de ense\u00f1arte todo, garantizando tu seguridad durante el d\u00eda.<\/li>\n<li>Puedes deslizarte hasta el final de la ladera, caminar alrededor de 5 minutos m\u00e1s hacia abajo y tomar el jeep que nos estar\u00e1 esperando para nuestro viaje de regreso.<\/li>\n<li>Ten una peque\u00f1a conversaci\u00f3n con otros, consigue algo de beber o comer para recuperar tus energ\u00edas para el siguiente viaje.<\/li>\n<li>Medio d\u00eda \u2013 tomamos un descanso, comemos un gran almuerzo tipo picnic y aprovechamos del espectacular escenario, mientras contemplas estar literalmente en la cima del mundo antes de probar nuevas l\u00edneas o intentar algunas que ya encontraste y se transformaron en tus favoritas.<\/li>\n<li>Cuando el sol empiece a esconderse, empacamos y volvemos a La Paz, mientras el  atardecer ocurre ante nosotros sobre el altiplano con nuestra helada y bien merecida cerveza, finalizando un incre\u00edble d\u00eda.<\/li>\n<\/ul>\n<p><strong>\u00a1Es m\u00e1s que \u00e9pico\u2026 es Los Andes!<\/strong><\/p>\n<\/div>\n<div class=\"su-tabs-pane su-u-clearfix su-u-trim\" data-title=\"&lt;strong&gt;\u00bfQue incluye?&lt;\/strong&gt;\">\n<p>Todo el equipo necesario para esta grandiosa aventura en los Andes.<\/p>\n<ul>\n<li>Tablas de Snowboard (Tenemos diferentes tama\u00f1os)<\/li>\n<li>Botas (No olvide avisarnos su tama\u00f1o)<\/li>\n<li>Cascos (Avisenos si desea ir con una GoPro)<\/li>\n<li>Guantes<\/li>\n<li>Chamarras<\/li>\n<li>Pantalones (Probablemente no los necesite pero tenemos pantalones para la nieve)<\/li>\n<li>Lentes de seguridad (Puede preferir lentes de sol)<\/li>\n<li>Coderas y rodilleras (si desea tenerlos)<\/li>\n<li>Una incre\u00edble polera<\/li>\n<li>Fotos del viaje. Tu gu\u00eda tomara fotos del asombroso viaje durante todo el d\u00eda que luego las subir\u00e1 a la Dropbox para ti.<\/li>\n<li>Excelentes guias certificados y expertos, con mucha paciencia.\u00a0Nuestros gu\u00edas aman la aventura y est\u00e1n esperando a compartirla contigo. Hablan espa\u00f1ol e ingles.<\/li>\n<li>Almuerzo \u2013 Un gran almuerzo picnic con un paisaje incre\u00edble.<\/li>\n<li>Snacks \u2013 Guarde energia para hacer todas las bajadas posibles.<\/li>\n<li>Agua \u2013 Bastante.<\/li>\n<li>Transporte privado 4&#215;4 \u2013 Por su puesto, mucho mejor que un ascensor.<\/div><\/div><\/div>\n<p>Reserve ahora para tener su espacio asegurado en esta \u00c9pica Aventura!<\/p>\n<div class=\"su-button-center\"><a href=\"http:\/\/www.screerush.com\/book-now\/\" class=\"su-button su-button-style-flat\" style=\"color:#FFFFFF;background-color:#2D89EF;border-color:#246ec0;border-radius:9px;-moz-border-radius:9px;-webkit-border-radius:9px\" target=\"_self\"><span style=\"color:#FFFFFF;padding:8px 24px;font-size:18px;line-height:27px;border-color:#6cadf4;border-radius:9px;-moz-border-radius:9px;-webkit-border-radius:9px;text-shadow:none;-moz-text-shadow:none;-webkit-text-shadow:none\"><i class=\"sui sui-thumbs-o-up\" style=\"font-size:18px;color:#FFFFFF\"><\/i> Reserve Ahora<\/span><\/a><\/div>\n<p>&nbsp;","protected":false},"excerpt":{"rendered":"<p>Ciertamente, este no es un d\u00eda normal caminando hacia los elevadores, en lugar de eso una 4&#215;4 nos transportara a una hermosa cuesta a 5000 mts inserta en las monta\u00f1as que rodean La Paz. Lo m\u00e1s reciente en Aventura campestre, con vistas maravillosas y la diversi\u00f3n en altura que s\u00f3lo puedes conseguir en Los Andes&#8230;. <\/p>\n","protected":false},"author":1,"featured_media":149,"parent":112,"menu_order":2,"comment_status":"closed","ping_status":"closed","template":"no-sidebar.php","meta":[],"_links":{"self":[{"href":"https:\/\/www.screerush.com\/es\/wp-json\/wp\/v2\/pages\/2"}],"collection":[{"href":"https:\/\/www.screerush.com\/es\/wp-json\/wp\/v2\/pages"}],"about":[{"href":"https:\/\/www.screerush.com\/es\/wp-json\/wp\/v2\/types\/page"}],"author":[{"embeddable":true,"href":"https:\/\/www.screerush.com\/es\/wp-json\/wp\/v2\/users\/1"}],"replies":[{"embeddable":true,"href":"https:\/\/www.screerush.com\/es\/wp-json\/wp\/v2\/comments?post=2"}],"version-history":[{"count":14,"href":"https:\/\/www.screerush.com\/es\/wp-json\/wp\/v2\/pages\/2\/revisions"}],"predecessor-version":[{"id":297,"href":"https:\/\/www.screerush.com\/es\/wp-json\/wp\/v2\/pages\/2\/revisions\/297"}],"up":[{"embeddable":true,"href":"https:\/\/www.screerush.com\/es\/wp-json\/wp\/v2\/pages\/112"}],"wp:featuredmedia":[{"embeddable":true,"href":"https:\/\/www.screerush.com\/es\/wp-json\/wp\/v2\/media\/149"}],"wp:attachment":[{"href":"https:\/\/www.screerush.com\/es\/wp-json\/wp\/v2\/media?parent=2"}],"curies":[{"name":"wp","href":"https:\/\/api.w.org\/{rel}","templated":true}]}}