{"id":104,"date":"2017-02-07T10:34:46","date_gmt":"2017-02-07T14:34:46","guid":{"rendered":"http:\/\/www.snowrushbolivia.com\/?page_id=104"},"modified":"2017-08-21T13:04:06","modified_gmt":"2017-08-21T17:04:06","slug":"la-cumbre-black-powder","status":"publish","type":"page","link":"https:\/\/www.screerush.com\/es\/adventures\/la-cumbre-black-powder\/","title":{"rendered":"La Cumbre &#8211; Nieve Negra"},"content":{"rendered":"<div class=\"su-youtube su-u-responsive-media-yes\"><iframe width=\"600\" height=\"400\" src=\"https:\/\/www.youtube.com\/embed\/MCGZG1e1WZY?autohide=2&autoplay=0&mute=0&controls=1&fs=1&loop=0&modestbranding=0&playlist=&rel=0&showinfo=1&theme=light&wmode=&playsinline=0\" frameborder=\"0\" allowfullscreen allow=\"autoplay; encrypted-media; picture-in-picture\" title=\"\"><\/iframe><\/div>\n<p>\u00a1El nieve negra de los Andes, conocido como Scree, ofrece una de las actividades m\u00e1s incre\u00edbles que puedes hacer en Bolivia! Esta es una aventura muy similar al snowboard, pero en la grava suelta de las altas monta\u00f1as, podemos acceder a la cima de las pistas con un veh\u00edculo 4 \u00d7 4 y hacer un mont\u00f3n de carreras sin llegar demasiado cansados tratando de subir a la colina. La grava suelta de scree es una forma incre\u00edble de dejar senderos en los Andes, logrando descensos a m\u00e1s de 5000m! Para los principiantes o los pros, prep\u00e1rense para rasgar en las cuestas m\u00e1s altas del mundo con nosotros! No hay ning\u00fan otro lugar en el mundo donde se puede tener una aut\u00e9ntica aventura como esta, que realmente debe aprovechar!<\/p>\n<div class=\"su-tabs su-tabs-style-default su-tabs-mobile-stack\" data-active=\"1\" data-scroll-offset=\"0\"><div class=\"su-tabs-nav\"><span class=\"\" data-url=\"\" data-target=\"blank\" tabindex=\"0\" role=\"button\"><strong>Itinerario<\/strong><\/span><span class=\"\" data-url=\"\" data-target=\"blank\" tabindex=\"0\" role=\"button\"><strong>\u00bfQue incluye?<\/strong><\/span><\/div><div class=\"su-tabs-panes\"><div class=\"su-tabs-pane su-u-clearfix su-u-trim\" data-title=\"&lt;strong&gt;Itinerario&lt;\/strong&gt;\">\n<ul>\n<li>Despu\u00e9s de reunirnos a las 9 am en Caf\u00e9 del Mundo (Calle Sagarnaga), conduciremos fuera de la ciudad y subiremos a las monta\u00f1as. Pasando por lagos y grandes miradores, nos abriremos camino hacia La Cumbre, escondida en un valle virgen cerca del inicio de un antiguo sendero Inca.<\/li>\n<li>Nuestra 4&#215;4 nos lleva a la carretera, donde se puede ir a la cima de la monta\u00f1a con las incre\u00edbles pendientes de arena que est\u00e1n por debajo y las incre\u00edbles vistas de los alrededores.<\/li>\n<li>En el punto de partida tendr\u00e1s una vista desde el centro de los andes, por encima del maravilloso valle.<\/li>\n<li>Primero probamos las pistas para principiante, donde si no tienes experiencia, nuestros gu\u00edas te ense\u00f1aran, y si lo haces, podr\u00e1s  intentarlo un par de veces para tener una idea y lo divertido que es el \u201cscree\u201d, s\u00f3lo no vallas demasiado lejos o terminaras en el lago cristalino.<\/li>\n<li>Nuestros gu\u00edas de primer nivel ser\u00e1n capaces de ense\u00f1arte todo, mientras garantizan tu seguridad durante el d\u00eda.<\/li>\n<li>Al final de la pendiente, nos estar\u00e1 esperando nuestra 4&#215;4 para llevarnos a probar unas cuestas m\u00e1s desafiantes, donde podr\u00e1s presionarte tan duro como quieras.<\/li>\n<li>Ten una peque\u00f1a conversaci\u00f3n con otros  y mientras escuchas algo de m\u00fasica en el camino de subida, rellena tu agua o come una merienda para recuperar energ\u00edas para  las siguientes pistas.<\/li>\n<li>A continuaci\u00f3n, conduciremos incluso m\u00e1s arriba y podr\u00e1n deslizarse por la cuesta m\u00e1s grande, sesiones de polvo negro para que tu coraz\u00f3n quede contento, mientras nuestra 4&#215;4 te lleva arriba una y otra vez (dependiendo de las carreras del grupo y que tan seguido quieran intentar las pendientes, podemos bajarlas alrededor de 15 veces).<\/li>\n<li>Medio d\u00eda \u2013 tomamos un descanso, comemos un gran almuerzo tipo picnic y aprovechamos el espectacular escenario mientras contemplas estar literalmente en la cima del mundo, antes de probar nuevas l\u00edneas o intentar algunas que ya encontraste y se transformaron en tus favoritas.<\/li>\n<li>Puedes practicar tanto como quieras y con tu gu\u00eda te transformaras en un mejor corredor  muy r\u00e1pido.<\/li>\n<li>Cuando el sol empiece a esconderse, empacamos y volvemos a La Paz, mientras el  atardecer ocurre ante nosotros sobre el altiplano con nuestra helada y bien merecida cerveza, finalizando un incre\u00edble d\u00eda.<\/li>\n<\/ul>\n<p><strong>\u00a1Es m\u00e1s que \u00e9pico&#8230; es Los Andes!<\/strong> <\/div>\n<div class=\"su-tabs-pane su-u-clearfix su-u-trim\" data-title=\"&lt;strong&gt;\u00bfQue incluye?&lt;\/strong&gt;\">\n<p>Todo el equipo necesario para esta grandiosa aventura en los Andes.<\/p>\n<ul>\n<li>Tablas de Snowboard (Tenemos diferentes tama\u00f1os)<\/li>\n<li>Botas (No olvide avisarnos su tama\u00f1o)<\/li>\n<li>Cascos (Avisenos si desea ir con una GoPro)<\/li>\n<li>Guantes<\/li>\n<li>Chamarras<\/li>\n<li>Pantalones (Probablemente no los necesite pero tenemos pantalones para la nieve)<\/li>\n<li>Lentes de seguridad (Puede preferir lentes de sol)<\/li>\n<li>Coderas y rodilleras (si desea tenerlos)<\/li>\n<li>Una incre\u00edble polera<\/li>\n<li>Fotos del viaje. Tu gu\u00eda tomara fotos del asombroso viaje durante todo el d\u00eda que luego las subir\u00e1 a la Dropbox para ti.<\/li>\n<li>Excelentes guias certificados y expertos, con mucha paciencia.\u00a0Nuestros gu\u00edas aman la aventura y est\u00e1n esperando a compartirla contigo. Hablan espa\u00f1ol e ingles.<\/li>\n<li>Almuerzo \u2013 Un gran almuerzo picnic con un paisaje incre\u00edble.<\/li>\n<li>Snacks \u2013 Guarde energia para hacer todas las bajadas posibles.<\/li>\n<li>Agua \u2013 Bastante.<\/li>\n<li>Transporte privado 4&#215;4 \u2013 Por su puesto, mucho mejor que un ascensor.<\/div><\/div><\/div>\n<p>Reserve ahora para tener su espacio asegurado en esta \u00c9pica Aventura!<\/p>\n<div class=\"su-button-center\"><a href=\"http:\/\/www.screerush.com\/book-now\/\" class=\"su-button su-button-style-flat\" style=\"color:#FFFFFF;background-color:#2D89EF;border-color:#246ec0;border-radius:9px;-moz-border-radius:9px;-webkit-border-radius:9px\" target=\"_self\"><span style=\"color:#FFFFFF;padding:8px 24px;font-size:18px;line-height:27px;border-color:#6cadf4;border-radius:9px;-moz-border-radius:9px;-webkit-border-radius:9px;text-shadow:none;-moz-text-shadow:none;-webkit-text-shadow:none\"><i class=\"sui sui-thumbs-o-up\" style=\"font-size:18px;color:#FFFFFF\"><\/i> Reserve Ahora<\/span><\/a><\/div>\n<p>&nbsp;","protected":false},"excerpt":{"rendered":"<p>\u00a1El nieve negra de los Andes, conocido como Scree, ofrece una de las actividades m\u00e1s incre\u00edbles que puedes hacer en Bolivia! Esta es una aventura muy similar al snowboard, pero en la grava suelta de las altas monta\u00f1as, podemos acceder a la cima de las pistas con un veh\u00edculo 4 \u00d7 4 y hacer un&#8230; <\/p>\n","protected":false},"author":1,"featured_media":151,"parent":112,"menu_order":1,"comment_status":"closed","ping_status":"closed","template":"no-sidebar.php","meta":[],"_links":{"self":[{"href":"https:\/\/www.screerush.com\/es\/wp-json\/wp\/v2\/pages\/104"}],"collection":[{"href":"https:\/\/www.screerush.com\/es\/wp-json\/wp\/v2\/pages"}],"about":[{"href":"https:\/\/www.screerush.com\/es\/wp-json\/wp\/v2\/types\/page"}],"author":[{"embeddable":true,"href":"https:\/\/www.screerush.com\/es\/wp-json\/wp\/v2\/users\/1"}],"replies":[{"embeddable":true,"href":"https:\/\/www.screerush.com\/es\/wp-json\/wp\/v2\/comments?post=104"}],"version-history":[{"count":22,"href":"https:\/\/www.screerush.com\/es\/wp-json\/wp\/v2\/pages\/104\/revisions"}],"predecessor-version":[{"id":296,"href":"https:\/\/www.screerush.com\/es\/wp-json\/wp\/v2\/pages\/104\/revisions\/296"}],"up":[{"embeddable":true,"href":"https:\/\/www.screerush.com\/es\/wp-json\/wp\/v2\/pages\/112"}],"wp:featuredmedia":[{"embeddable":true,"href":"https:\/\/www.screerush.com\/es\/wp-json\/wp\/v2\/media\/151"}],"wp:attachment":[{"href":"https:\/\/www.screerush.com\/es\/wp-json\/wp\/v2\/media?parent=104"}],"curies":[{"name":"wp","href":"https:\/\/api.w.org\/{rel}","templated":true}]}}