{"id":101,"date":"2017-02-07T10:14:50","date_gmt":"2017-02-07T14:14:50","guid":{"rendered":"http:\/\/www.snowrushbolivia.com\/?page_id=101"},"modified":"2017-08-21T16:16:22","modified_gmt":"2017-08-21T20:16:22","slug":"all-mountain-adventure","status":"publish","type":"page","link":"https:\/\/www.screerush.com\/es\/adventures\/all-mountain-adventure\/","title":{"rendered":"Todas las Aventuras de Monta\u00f1a"},"content":{"rendered":"<div id=\"su_slider_6a0724d7930cc\" class=\"su-slider su-slider-centered su-slider-pages-no su-slider-responsive-yes\" style=\"width:100%\" data-autoplay=\"3000\" data-speed=\"600\" data-mousewheel=\"true\"><div class=\"su-slider-slides\"><div class=\"su-slider-slide\"><a><img src=\"https:\/\/www.screerush.com\/wp-content\/uploads\/2017\/02\/gallery2-600x300.jpg\" alt=\"gallery2\" \/><\/a><\/div><div class=\"su-slider-slide\"><a><img src=\"https:\/\/www.screerush.com\/wp-content\/uploads\/2017\/02\/gallery3-600x300.jpg\" alt=\"gallery3\" \/><\/a><\/div><div class=\"su-slider-slide\"><a><img src=\"https:\/\/www.screerush.com\/wp-content\/uploads\/2017\/02\/gallery8-600x300.jpg\" alt=\"gallery8\" \/><\/a><\/div><\/div><div class=\"su-slider-nav\"><div class=\"su-slider-direction\"><span class=\"su-slider-prev\"><\/span><span class=\"su-slider-next\"><\/span><\/div><div class=\"su-slider-pagination\"><\/div><\/div><\/div>\n<ul>\n<li>Encuentre su fluidez en nuestro \u00bd d\u00eda de espectacular bicicleta de monta\u00f1a y \u00bd d\u00eda de Scree Rush.<\/li>\n<li>Monte en bicicleta y luego navegue en el &#8220;polvo negro&#8221; de Scree.<\/li>\n<li>Scree es como snowboarding en bicicleta.<\/li>\n<li>El mejor d\u00eda en la Monta\u00f1a.<\/li>\n<\/ul>\n<div class=\"su-tabs su-tabs-style-default su-tabs-mobile-stack\" data-active=\"1\" data-scroll-offset=\"0\"><div class=\"su-tabs-nav\"><span class=\"\" data-url=\"\" data-target=\"blank\" tabindex=\"0\" role=\"button\"><strong>Itinerario<\/strong><\/span><span class=\"\" data-url=\"\" data-target=\"blank\" tabindex=\"0\" role=\"button\"><strong>\u00bfQue incluye?<\/strong><\/span><\/div><div class=\"su-tabs-panes\"><div class=\"su-tabs-pane su-u-clearfix su-u-trim\" data-title=\"&lt;strong&gt;Itinerario&lt;\/strong&gt;\">\n<ul>\n<li>Nos encontramos en la ma\u00f1ana antes de dirigirnos a las monta\u00f1as que rodean La Paz, a los pies del Huayna Potos\u00ed. \u00c9sta es una de las mejores Colinas rocosas del mundo, donde monta\u00f1istas desde expertos hasta principiantes, pueden tener la oportunidad de esquiar o deslizarse en 2 ruedas mientras vamos a toda marcha bajando estas enormes pendientes de roca suelta. Empieza con una l\u00ednea f\u00e1cil y  haz tu camino  hasta alguna de las cuestas m\u00e1s locas.<\/li>\n<li>Con apoyo vehicular podemos golpear las cuestas rocosas muchas veces antes del almuerzo, as\u00ed podr\u00e1s realmente marcar tus habilidades en estas cuestas \u00fanicas, rodeadas por uno de los m\u00e1s hermosos escenarios que Los Andes ofrece.<\/li>\n<li>Despu\u00e9s de unas horas encontramos el veh\u00edculo nuevamente, tomaremos un merecido y gran almuerzo al aire libre antes de seguir la aventura. Ahora vamos a romper las laderas sobre nuestras tablas, que es como deslizarse en la nieve justo sobre rocas. Es muy divertido y definitivamente algo que nunca antes hab\u00edas experimentado!<\/li>\n<li>Prueba toda la tarde el programa de sesiones de monta\u00f1a que hemos hecho, hasta que tu cuerpo o la luz del sol no resistan.<\/li>\n<li>De vuelta en el veh\u00edculo disfrutamos y tomamos una cerveza helada en el escenario Andino, mientras regresamos a La Paz, pensando que\u2026 \u00a1hoy fue un d\u00eda para el libro de registros!<\/div>\n<div class=\"su-tabs-pane su-u-clearfix su-u-trim\" data-title=\"&lt;strong&gt;\u00bfQue incluye?&lt;\/strong&gt;\">\n<p>Todo el equipo necesario para esta grandiosa aventura en los Andes.<\/p>\n<ul>\n<li>Tablas de Snowboard (Tenemos diferentes tama\u00f1os)<\/li>\n<li>Botas (No olvide avisarnos su tama\u00f1o)<\/li>\n<li>Cascos (Avisenos si desea ir con una GoPro)<\/li>\n<li>Guantes<\/li>\n<li>Chamarras<\/li>\n<li>Pantalones (Probablemente no los necesite pero tenemos pantalones para la nieve)<\/li>\n<li>Lentes de seguridad (Puede preferir lentes de sol)<\/li>\n<li>Coderas y rodilleras (si desea tenerlos)<\/li>\n<li>Una incre\u00edble polera<\/li>\n<li>Fotos del viaje. Tu gu\u00eda tomara fotos del asombroso viaje durante todo el d\u00eda que luego las subir\u00e1 a la Dropbox para ti.<\/li>\n<li>Excelentes guias certificados y expertos, con mucha paciencia.\u00a0Nuestros gu\u00edas aman la aventura y est\u00e1n esperando a compartirla contigo. Hablan espa\u00f1ol e ingles.<\/li>\n<li>Almuerzo \u2013 Un gran almuerzo picnic con un paisaje incre\u00edble.<\/li>\n<li>Snacks \u2013 Guarde energia para hacer todas las bajadas posibles.<\/li>\n<li>Agua \u2013 Bastante.<\/li>\n<li>Transporte privado 4&#215;4 \u2013 Por su puesto, mucho mejor que un ascensor.<\/div><\/div><\/div>\n<p>Reserve ahora para tener su espacio asegurado en esta \u00c9pica Aventura!<\/p>\n<div class=\"su-button-center\"><a href=\"http:\/\/www.screerush.com\/book-now\/\" class=\"su-button su-button-style-flat\" style=\"color:#FFFFFF;background-color:#2D89EF;border-color:#246ec0;border-radius:9px;-moz-border-radius:9px;-webkit-border-radius:9px\" target=\"_self\"><span style=\"color:#FFFFFF;padding:8px 24px;font-size:18px;line-height:27px;border-color:#6cadf4;border-radius:9px;-moz-border-radius:9px;-webkit-border-radius:9px;text-shadow:none;-moz-text-shadow:none;-webkit-text-shadow:none\"><i class=\"sui sui-thumbs-o-up\" style=\"font-size:18px;color:#FFFFFF\"><\/i> Reserve Ahora<\/span><\/a><\/div>\n<p>&nbsp;","protected":false},"excerpt":{"rendered":"<p>Encuentre su fluidez en nuestro \u00bd d\u00eda de espectacular bicicleta de monta\u00f1a y \u00bd d\u00eda de Scree Rush. Monte en bicicleta y luego navegue en el &#8220;polvo negro&#8221; de Scree. Scree es como snowboarding en bicicleta. El mejor d\u00eda en la Monta\u00f1a. Reserve ahora para tener su espacio asegurado en esta \u00c9pica Aventura! &nbsp;<\/p>\n","protected":false},"author":1,"featured_media":150,"parent":112,"menu_order":3,"comment_status":"closed","ping_status":"closed","template":"no-sidebar.php","meta":[],"_links":{"self":[{"href":"https:\/\/www.screerush.com\/es\/wp-json\/wp\/v2\/pages\/101"}],"collection":[{"href":"https:\/\/www.screerush.com\/es\/wp-json\/wp\/v2\/pages"}],"about":[{"href":"https:\/\/www.screerush.com\/es\/wp-json\/wp\/v2\/types\/page"}],"author":[{"embeddable":true,"href":"https:\/\/www.screerush.com\/es\/wp-json\/wp\/v2\/users\/1"}],"replies":[{"embeddable":true,"href":"https:\/\/www.screerush.com\/es\/wp-json\/wp\/v2\/comments?post=101"}],"version-history":[{"count":12,"href":"https:\/\/www.screerush.com\/es\/wp-json\/wp\/v2\/pages\/101\/revisions"}],"predecessor-version":[{"id":299,"href":"https:\/\/www.screerush.com\/es\/wp-json\/wp\/v2\/pages\/101\/revisions\/299"}],"up":[{"embeddable":true,"href":"https:\/\/www.screerush.com\/es\/wp-json\/wp\/v2\/pages\/112"}],"wp:featuredmedia":[{"embeddable":true,"href":"https:\/\/www.screerush.com\/es\/wp-json\/wp\/v2\/media\/150"}],"wp:attachment":[{"href":"https:\/\/www.screerush.com\/es\/wp-json\/wp\/v2\/media?parent=101"}],"curies":[{"name":"wp","href":"https:\/\/api.w.org\/{rel}","templated":true}]}}